{"id":144,"date":"2023-02-08T21:39:48","date_gmt":"2023-02-08T21:39:48","guid":{"rendered":"https:\/\/banksmp.com.br\/?page_id=144"},"modified":"2023-02-11T14:48:54","modified_gmt":"2023-02-11T14:48:54","slug":"suporte","status":"publish","type":"page","link":"https:\/\/banksmp.com.br\/index.php\/suporte\/","title":{"rendered":"Suporte"},"content":{"rendered":"\n<p>Para entrar em contato com a nossa equipe de suporte, favor preencher os dados abaixo com uma descri\u00e7\u00e3o detalhada da sua situa\u00e7\u00e3o.<\/p>\n\n\n\n<div style=\"height:20px\" aria-hidden=\"true\" class=\"wp-block-spacer\"><\/div>\n\n\n\n<div class=\"pipedriveWebForms\" data-pd-webforms=\"https:\/\/webforms.pipedrive.com\/f\/1HIVcmOe2kmJU5g8zUVhs6rRd6BDlpugbENG4U1KZn5D62UxbrcYoUzteBmhkHh9V\"><script src=\"https:\/\/webforms.pipedrive.com\/f\/loader\"><\/script><\/div>\n\n\n\n<div style=\"height:70px\" aria-hidden=\"true\" class=\"wp-block-spacer\"><\/div>\n\n\n\n<p class=\"has-link-color wp-elements-2e949ebb1eccb4c2d854756a921b01ff\">Se voc\u00ea estiver com problemas para fazer login ou se n\u00e3o tiver uma conta no Bank SMP, entre em contato conosco em <a href=\"mailto:contato@banksmp.com.br\">contato@banksmp.com.br<\/a>.<\/p>\n","protected":false},"excerpt":{"rendered":"<p>Para entrar em contato com a nossa equipe de suporte, favor preencher os dados abaixo com uma descri\u00e7\u00e3o detalhada da sua situa\u00e7\u00e3o. Se voc\u00ea estiver com problemas para fazer login ou se n\u00e3o tiver uma conta no Bank SMP, entre em contato conosco em contato@banksmp.com.br.<\/p>\n","protected":false},"author":1,"featured_media":0,"parent":0,"menu_order":0,"comment_status":"closed","ping_status":"closed","template":"","meta":{"footnotes":""},"class_list":["post-144","page","type-page","status-publish","hentry"],"yoast_head":"<!-- This site is optimized with the Yoast SEO plugin v19.10 - https:\/\/yoast.com\/wordpress\/plugins\/seo\/ -->\n<title>Suporte - banksmp<\/title>\n<meta name=\"robots\" content=\"index, follow, max-snippet:-1, max-image-preview:large, max-video-preview:-1\" \/>\n<link rel=\"canonical\" href=\"https:\/\/banksmp.com.br\/index.php\/suporte\/\" \/>\n<meta property=\"og:locale\" content=\"pt_PT\" \/>\n<meta property=\"og:type\" content=\"article\" \/>\n<meta property=\"og:title\" content=\"Suporte - banksmp\" \/>\n<meta property=\"og:description\" content=\"Para entrar em contato com a nossa equipe de suporte, favor preencher os dados abaixo com uma descri\u00e7\u00e3o detalhada da sua situa\u00e7\u00e3o. Se voc\u00ea estiver com problemas para fazer login ou se n\u00e3o tiver uma conta no Bank SMP, entre em contato conosco em contato@banksmp.com.br.\" \/>\n<meta property=\"og:url\" content=\"https:\/\/banksmp.com.br\/index.php\/suporte\/\" \/>\n<meta property=\"og:site_name\" content=\"banksmp\" \/>\n<meta property=\"article:modified_time\" content=\"2023-02-11T14:48:54+00:00\" \/>\n<meta name=\"twitter:card\" content=\"summary_large_image\" \/>\n<meta name=\"twitter:label1\" content=\"Tempo estimado de leitura\" \/>\n\t<meta name=\"twitter:data1\" content=\"1 minuto\" \/>\n<script type=\"application\/ld+json\" class=\"yoast-schema-graph\">{\"@context\":\"https:\/\/schema.org\",\"@graph\":[{\"@type\":\"WebPage\",\"@id\":\"https:\/\/banksmp.com.br\/index.php\/suporte\/\",\"url\":\"https:\/\/banksmp.com.br\/index.php\/suporte\/\",\"name\":\"Suporte - banksmp\",\"isPartOf\":{\"@id\":\"https:\/\/banksmp.com.br\/#website\"},\"datePublished\":\"2023-02-08T21:39:48+00:00\",\"dateModified\":\"2023-02-11T14:48:54+00:00\",\"breadcrumb\":{\"@id\":\"https:\/\/banksmp.com.br\/index.php\/suporte\/#breadcrumb\"},\"inLanguage\":\"pt-PT\",\"potentialAction\":[{\"@type\":\"ReadAction\",\"target\":[\"https:\/\/banksmp.com.br\/index.php\/suporte\/\"]}]},{\"@type\":\"BreadcrumbList\",\"@id\":\"https:\/\/banksmp.com.br\/index.php\/suporte\/#breadcrumb\",\"itemListElement\":[{\"@type\":\"ListItem\",\"position\":1,\"name\":\"In\u00edcio\",\"item\":\"https:\/\/banksmp.com.br\/\"},{\"@type\":\"ListItem\",\"position\":2,\"name\":\"Suporte\"}]},{\"@type\":\"WebSite\",\"@id\":\"https:\/\/banksmp.com.br\/#website\",\"url\":\"https:\/\/banksmp.com.br\/\",\"name\":\"banksmp\",\"description\":\"Fa\u00e7a como as empresas dominantes e conte com um time de experts do mercado\",\"potentialAction\":[{\"@type\":\"SearchAction\",\"target\":{\"@type\":\"EntryPoint\",\"urlTemplate\":\"https:\/\/banksmp.com.br\/?s={search_term_string}\"},\"query-input\":\"required name=search_term_string\"}],\"inLanguage\":\"pt-PT\"}]}<\/script>\n<!-- \/ Yoast SEO plugin. -->","yoast_head_json":{"title":"Suporte - banksmp","robots":{"index":"index","follow":"follow","max-snippet":"max-snippet:-1","max-image-preview":"max-image-preview:large","max-video-preview":"max-video-preview:-1"},"canonical":"https:\/\/banksmp.com.br\/index.php\/suporte\/","og_locale":"pt_PT","og_type":"article","og_title":"Suporte - banksmp","og_description":"Para entrar em contato com a nossa equipe de suporte, favor preencher os dados abaixo com uma descri\u00e7\u00e3o detalhada da sua situa\u00e7\u00e3o. Se voc\u00ea estiver com problemas para fazer login ou se n\u00e3o tiver uma conta no Bank SMP, entre em contato conosco em contato@banksmp.com.br.","og_url":"https:\/\/banksmp.com.br\/index.php\/suporte\/","og_site_name":"banksmp","article_modified_time":"2023-02-11T14:48:54+00:00","twitter_card":"summary_large_image","twitter_misc":{"Tempo estimado de leitura":"1 minuto"},"schema":{"@context":"https:\/\/schema.org","@graph":[{"@type":"WebPage","@id":"https:\/\/banksmp.com.br\/index.php\/suporte\/","url":"https:\/\/banksmp.com.br\/index.php\/suporte\/","name":"Suporte - banksmp","isPartOf":{"@id":"https:\/\/banksmp.com.br\/#website"},"datePublished":"2023-02-08T21:39:48+00:00","dateModified":"2023-02-11T14:48:54+00:00","breadcrumb":{"@id":"https:\/\/banksmp.com.br\/index.php\/suporte\/#breadcrumb"},"inLanguage":"pt-PT","potentialAction":[{"@type":"ReadAction","target":["https:\/\/banksmp.com.br\/index.php\/suporte\/"]}]},{"@type":"BreadcrumbList","@id":"https:\/\/banksmp.com.br\/index.php\/suporte\/#breadcrumb","itemListElement":[{"@type":"ListItem","position":1,"name":"In\u00edcio","item":"https:\/\/banksmp.com.br\/"},{"@type":"ListItem","position":2,"name":"Suporte"}]},{"@type":"WebSite","@id":"https:\/\/banksmp.com.br\/#website","url":"https:\/\/banksmp.com.br\/","name":"banksmp","description":"Fa\u00e7a como as empresas dominantes e conte com um time de experts do mercado","potentialAction":[{"@type":"SearchAction","target":{"@type":"EntryPoint","urlTemplate":"https:\/\/banksmp.com.br\/?s={search_term_string}"},"query-input":"required name=search_term_string"}],"inLanguage":"pt-PT"}]}},"_links":{"self":[{"href":"https:\/\/banksmp.com.br\/index.php\/wp-json\/wp\/v2\/pages\/144","targetHints":{"allow":["GET"]}}],"collection":[{"href":"https:\/\/banksmp.com.br\/index.php\/wp-json\/wp\/v2\/pages"}],"about":[{"href":"https:\/\/banksmp.com.br\/index.php\/wp-json\/wp\/v2\/types\/page"}],"author":[{"embeddable":true,"href":"https:\/\/banksmp.com.br\/index.php\/wp-json\/wp\/v2\/users\/1"}],"replies":[{"embeddable":true,"href":"https:\/\/banksmp.com.br\/index.php\/wp-json\/wp\/v2\/comments?post=144"}],"version-history":[{"count":10,"href":"https:\/\/banksmp.com.br\/index.php\/wp-json\/wp\/v2\/pages\/144\/revisions"}],"predecessor-version":[{"id":161,"href":"https:\/\/banksmp.com.br\/index.php\/wp-json\/wp\/v2\/pages\/144\/revisions\/161"}],"wp:attachment":[{"href":"https:\/\/banksmp.com.br\/index.php\/wp-json\/wp\/v2\/media?parent=144"}],"curies":[{"name":"wp","href":"https:\/\/api.w.org\/{rel}","templated":true}]}}