{"id":173,"date":"2023-04-01T13:16:17","date_gmt":"2023-04-01T13:16:17","guid":{"rendered":"https:\/\/banksmp.com.br\/?page_id=173"},"modified":"2023-04-01T18:12:06","modified_gmt":"2023-04-01T18:12:06","slug":"cadastro","status":"publish","type":"page","link":"https:\/\/banksmp.com.br\/index.php\/cadastro\/","title":{"rendered":"Cadastro"},"content":{"rendered":"\t\t<div data-elementor-type=\"wp-page\" data-elementor-id=\"173\" class=\"elementor elementor-173\">\n\t\t\t\t\t\t\t\t\t<section class=\"elementor-section elementor-top-section elementor-element elementor-element-0d9e0ac elementor-section-boxed elementor-section-height-default elementor-section-height-default\" data-id=\"0d9e0ac\" data-element_type=\"section\">\n\t\t\t\t\t\t<div class=\"elementor-container elementor-column-gap-default\">\n\t\t\t\t\t<div class=\"elementor-column elementor-col-100 elementor-top-column elementor-element elementor-element-186e09b\" data-id=\"186e09b\" data-element_type=\"column\">\n\t\t\t<div class=\"elementor-widget-wrap elementor-element-populated\">\n\t\t\t\t\t\t\t\t<div class=\"elementor-element elementor-element-7963b05 elementor-widget elementor-widget-text-editor\" data-id=\"7963b05\" data-element_type=\"widget\" data-widget_type=\"text-editor.default\">\n\t\t\t\t<div class=\"elementor-widget-container\">\n\t\t\t<style>\/*! elementor - v3.10.0 - 09-01-2023 *\/\n.elementor-widget-text-editor.elementor-drop-cap-view-stacked .elementor-drop-cap{background-color:#818a91;color:#fff}.elementor-widget-text-editor.elementor-drop-cap-view-framed .elementor-drop-cap{color:#818a91;border:3px solid;background-color:transparent}.elementor-widget-text-editor:not(.elementor-drop-cap-view-default) .elementor-drop-cap{margin-top:8px}.elementor-widget-text-editor:not(.elementor-drop-cap-view-default) .elementor-drop-cap-letter{width:1em;height:1em}.elementor-widget-text-editor .elementor-drop-cap{float:left;text-align:center;line-height:1;font-size:50px}.elementor-widget-text-editor .elementor-drop-cap-letter{display:inline-block}<\/style>\t\t\t\t<p><span style=\"color: var( --e-global-color-text ); font-family: var( --e-global-typography-text-font-family ), Sans-serif; font-weight: var( --e-global-typography-text-font-weight ); background-color: var(--wp--preset--color--base); font-size: var(--wp--preset--font-size--medium);\">O Bank SMP oferece servi\u00e7os personalizados de alta qualidade para clientes que buscam excel\u00eancia em gest\u00e3o patrimonial. Todos os nossos clientes s\u00e3o submetidos a uma rigorosa an\u00e1lise de perfil e necessidades financeiras por nossa equipe de especialistas.<\/span><br><\/p>\n<p><span style=\"color: var( --e-global-color-text ); font-family: var( --e-global-typography-text-font-family ), Sans-serif; font-weight: var( --e-global-typography-text-font-weight ); background-color: var(--wp--preset--color--base); font-size: var(--wp--preset--font-size--medium);\">Escolha abaixo a op\u00e7\u00e3o que voc\u00ea deseja:<\/span><\/p>\t\t\t\t\t\t<\/div>\n\t\t\t\t<\/div>\n\t\t\t\t\t<\/div>\n\t\t<\/div>\n\t\t\t\t\t\t\t<\/div>\n\t\t<\/section>\n\t\t\t\t<section class=\"elementor-section elementor-top-section elementor-element elementor-element-3655700 elementor-section-boxed elementor-section-height-default elementor-section-height-default\" data-id=\"3655700\" data-element_type=\"section\">\n\t\t\t\t\t\t<div class=\"elementor-container elementor-column-gap-default\">\n\t\t\t\t\t<div class=\"elementor-column elementor-col-50 elementor-top-column elementor-element elementor-element-6027f25\" data-id=\"6027f25\" data-element_type=\"column\">\n\t\t\t<div class=\"elementor-widget-wrap elementor-element-populated\">\n\t\t\t\t\t\t\t\t<div class=\"elementor-element elementor-element-3cab858 elementor-align-center elementor-widget elementor-widget-button\" data-id=\"3cab858\" data-element_type=\"widget\" data-widget_type=\"button.default\">\n\t\t\t\t<div class=\"elementor-widget-container\">\n\t\t\t\t\t<div class=\"elementor-button-wrapper\">\n\t\t\t<a href=\"https:\/\/banksmp.com.br\/index.php\/pessoa-fisica\/\" class=\"elementor-button-link elementor-button elementor-size-xl\" role=\"button\">\n\t\t\t\t\t\t<span class=\"elementor-button-content-wrapper\">\n\t\t\t\t\t\t<span class=\"elementor-button-text\">Pessoa F\u00edsica<\/span>\n\t\t<\/span>\n\t\t\t\t\t<\/a>\n\t\t<\/div>\n\t\t\t\t<\/div>\n\t\t\t\t<\/div>\n\t\t\t\t\t<\/div>\n\t\t<\/div>\n\t\t\t\t<div class=\"elementor-column elementor-col-50 elementor-top-column elementor-element elementor-element-cb4ef15\" data-id=\"cb4ef15\" data-element_type=\"column\">\n\t\t\t<div class=\"elementor-widget-wrap elementor-element-populated\">\n\t\t\t\t\t\t\t\t<div class=\"elementor-element elementor-element-a59985a elementor-align-center elementor-widget elementor-widget-button\" data-id=\"a59985a\" data-element_type=\"widget\" data-widget_type=\"button.default\">\n\t\t\t\t<div class=\"elementor-widget-container\">\n\t\t\t\t\t<div class=\"elementor-button-wrapper\">\n\t\t\t<a href=\"https:\/\/banksmp.com.br\/index.php\/pessoa-juridica\/\" class=\"elementor-button-link elementor-button elementor-size-xl\" role=\"button\">\n\t\t\t\t\t\t<span class=\"elementor-button-content-wrapper\">\n\t\t\t\t\t\t<span class=\"elementor-button-text\">Pessoa Jur\u00eddica<\/span>\n\t\t<\/span>\n\t\t\t\t\t<\/a>\n\t\t<\/div>\n\t\t\t\t<\/div>\n\t\t\t\t<\/div>\n\t\t\t\t\t<\/div>\n\t\t<\/div>\n\t\t\t\t\t\t\t<\/div>\n\t\t<\/section>\n\t\t\t\t\t\t\t<\/div>\n\t\t","protected":false},"excerpt":{"rendered":"<p>O Bank SMP oferece servi\u00e7os personalizados de alta qualidade para clientes que buscam excel\u00eancia em gest\u00e3o patrimonial. Todos os nossos clientes s\u00e3o submetidos a uma rigorosa an\u00e1lise de perfil e necessidades financeiras por nossa equipe de especialistas. Escolha abaixo a op\u00e7\u00e3o que voc\u00ea deseja: Pessoa F\u00edsica Pessoa Jur\u00eddica<\/p>\n","protected":false},"author":1,"featured_media":0,"parent":0,"menu_order":0,"comment_status":"closed","ping_status":"closed","template":"","meta":{"footnotes":""},"class_list":["post-173","page","type-page","status-publish","hentry"],"yoast_head":"<!-- This site is optimized with the Yoast SEO plugin v19.10 - https:\/\/yoast.com\/wordpress\/plugins\/seo\/ -->\n<title>Cadastro - banksmp<\/title>\n<meta name=\"robots\" content=\"index, follow, max-snippet:-1, max-image-preview:large, max-video-preview:-1\" \/>\n<link rel=\"canonical\" href=\"https:\/\/banksmp.com.br\/index.php\/cadastro\/\" \/>\n<meta property=\"og:locale\" content=\"pt_PT\" \/>\n<meta property=\"og:type\" content=\"article\" \/>\n<meta property=\"og:title\" content=\"Cadastro - banksmp\" \/>\n<meta property=\"og:description\" content=\"O Bank SMP oferece servi\u00e7os personalizados de alta qualidade para clientes que buscam excel\u00eancia em gest\u00e3o patrimonial. Todos os nossos clientes s\u00e3o submetidos a uma rigorosa an\u00e1lise de perfil e necessidades financeiras por nossa equipe de especialistas. Escolha abaixo a op\u00e7\u00e3o que voc\u00ea deseja: Pessoa F\u00edsica Pessoa Jur\u00eddica\" \/>\n<meta property=\"og:url\" content=\"https:\/\/banksmp.com.br\/index.php\/cadastro\/\" \/>\n<meta property=\"og:site_name\" content=\"banksmp\" \/>\n<meta property=\"article:modified_time\" content=\"2023-04-01T18:12:06+00:00\" \/>\n<meta name=\"twitter:card\" content=\"summary_large_image\" \/>\n<script type=\"application\/ld+json\" class=\"yoast-schema-graph\">{\"@context\":\"https:\/\/schema.org\",\"@graph\":[{\"@type\":\"WebPage\",\"@id\":\"https:\/\/banksmp.com.br\/index.php\/cadastro\/\",\"url\":\"https:\/\/banksmp.com.br\/index.php\/cadastro\/\",\"name\":\"Cadastro - banksmp\",\"isPartOf\":{\"@id\":\"https:\/\/banksmp.com.br\/#website\"},\"datePublished\":\"2023-04-01T13:16:17+00:00\",\"dateModified\":\"2023-04-01T18:12:06+00:00\",\"breadcrumb\":{\"@id\":\"https:\/\/banksmp.com.br\/index.php\/cadastro\/#breadcrumb\"},\"inLanguage\":\"pt-PT\",\"potentialAction\":[{\"@type\":\"ReadAction\",\"target\":[\"https:\/\/banksmp.com.br\/index.php\/cadastro\/\"]}]},{\"@type\":\"BreadcrumbList\",\"@id\":\"https:\/\/banksmp.com.br\/index.php\/cadastro\/#breadcrumb\",\"itemListElement\":[{\"@type\":\"ListItem\",\"position\":1,\"name\":\"In\u00edcio\",\"item\":\"https:\/\/banksmp.com.br\/\"},{\"@type\":\"ListItem\",\"position\":2,\"name\":\"Cadastro\"}]},{\"@type\":\"WebSite\",\"@id\":\"https:\/\/banksmp.com.br\/#website\",\"url\":\"https:\/\/banksmp.com.br\/\",\"name\":\"banksmp\",\"description\":\"Fa\u00e7a como as empresas dominantes e conte com um time de experts do mercado\",\"potentialAction\":[{\"@type\":\"SearchAction\",\"target\":{\"@type\":\"EntryPoint\",\"urlTemplate\":\"https:\/\/banksmp.com.br\/?s={search_term_string}\"},\"query-input\":\"required name=search_term_string\"}],\"inLanguage\":\"pt-PT\"}]}<\/script>\n<!-- \/ Yoast SEO plugin. -->","yoast_head_json":{"title":"Cadastro - banksmp","robots":{"index":"index","follow":"follow","max-snippet":"max-snippet:-1","max-image-preview":"max-image-preview:large","max-video-preview":"max-video-preview:-1"},"canonical":"https:\/\/banksmp.com.br\/index.php\/cadastro\/","og_locale":"pt_PT","og_type":"article","og_title":"Cadastro - banksmp","og_description":"O Bank SMP oferece servi\u00e7os personalizados de alta qualidade para clientes que buscam excel\u00eancia em gest\u00e3o patrimonial. Todos os nossos clientes s\u00e3o submetidos a uma rigorosa an\u00e1lise de perfil e necessidades financeiras por nossa equipe de especialistas. Escolha abaixo a op\u00e7\u00e3o que voc\u00ea deseja: Pessoa F\u00edsica Pessoa Jur\u00eddica","og_url":"https:\/\/banksmp.com.br\/index.php\/cadastro\/","og_site_name":"banksmp","article_modified_time":"2023-04-01T18:12:06+00:00","twitter_card":"summary_large_image","schema":{"@context":"https:\/\/schema.org","@graph":[{"@type":"WebPage","@id":"https:\/\/banksmp.com.br\/index.php\/cadastro\/","url":"https:\/\/banksmp.com.br\/index.php\/cadastro\/","name":"Cadastro - banksmp","isPartOf":{"@id":"https:\/\/banksmp.com.br\/#website"},"datePublished":"2023-04-01T13:16:17+00:00","dateModified":"2023-04-01T18:12:06+00:00","breadcrumb":{"@id":"https:\/\/banksmp.com.br\/index.php\/cadastro\/#breadcrumb"},"inLanguage":"pt-PT","potentialAction":[{"@type":"ReadAction","target":["https:\/\/banksmp.com.br\/index.php\/cadastro\/"]}]},{"@type":"BreadcrumbList","@id":"https:\/\/banksmp.com.br\/index.php\/cadastro\/#breadcrumb","itemListElement":[{"@type":"ListItem","position":1,"name":"In\u00edcio","item":"https:\/\/banksmp.com.br\/"},{"@type":"ListItem","position":2,"name":"Cadastro"}]},{"@type":"WebSite","@id":"https:\/\/banksmp.com.br\/#website","url":"https:\/\/banksmp.com.br\/","name":"banksmp","description":"Fa\u00e7a como as empresas dominantes e conte com um time de experts do mercado","potentialAction":[{"@type":"SearchAction","target":{"@type":"EntryPoint","urlTemplate":"https:\/\/banksmp.com.br\/?s={search_term_string}"},"query-input":"required name=search_term_string"}],"inLanguage":"pt-PT"}]}},"_links":{"self":[{"href":"https:\/\/banksmp.com.br\/index.php\/wp-json\/wp\/v2\/pages\/173","targetHints":{"allow":["GET"]}}],"collection":[{"href":"https:\/\/banksmp.com.br\/index.php\/wp-json\/wp\/v2\/pages"}],"about":[{"href":"https:\/\/banksmp.com.br\/index.php\/wp-json\/wp\/v2\/types\/page"}],"author":[{"embeddable":true,"href":"https:\/\/banksmp.com.br\/index.php\/wp-json\/wp\/v2\/users\/1"}],"replies":[{"embeddable":true,"href":"https:\/\/banksmp.com.br\/index.php\/wp-json\/wp\/v2\/comments?post=173"}],"version-history":[{"count":22,"href":"https:\/\/banksmp.com.br\/index.php\/wp-json\/wp\/v2\/pages\/173\/revisions"}],"predecessor-version":[{"id":212,"href":"https:\/\/banksmp.com.br\/index.php\/wp-json\/wp\/v2\/pages\/173\/revisions\/212"}],"wp:attachment":[{"href":"https:\/\/banksmp.com.br\/index.php\/wp-json\/wp\/v2\/media?parent=173"}],"curies":[{"name":"wp","href":"https:\/\/api.w.org\/{rel}","templated":true}]}}